{"id":6678,"date":"2025-02-15T16:02:13","date_gmt":"2025-02-15T15:02:13","guid":{"rendered":"https:\/\/www.aios-group.de\/impressum\/"},"modified":"2025-03-17T18:56:32","modified_gmt":"2025-03-17T17:56:32","slug":"imprint","status":"publish","type":"page","link":"https:\/\/www.aios-group.de\/en\/imprint\/","title":{"rendered":"Imprint"},"content":{"rendered":"\t\t<div data-elementor-type=\"wp-page\" data-elementor-id=\"6678\" class=\"elementor elementor-6678 elementor-3171\" data-elementor-post-type=\"page\">\n\t\t\t\t<div class=\"elementor-element elementor-element-b76a79e section-container e-flex e-con-boxed e-con e-parent\" data-id=\"b76a79e\" data-element_type=\"container\">\n\t\t\t\t\t<div class=\"e-con-inner\">\n\t\t\t\t<div class=\"elementor-element elementor-element-c4a58dc elementor-widget elementor-widget-text-editor\" data-id=\"c4a58dc\" data-element_type=\"widget\" data-widget_type=\"text-editor.default\">\n\t\t\t\t<div class=\"elementor-widget-container\">\n\t\t\t\t\t\t\t\t\t<h5 class=\"overline\">Legal information<\/h5><h1>Imprint<\/h1><p>Automotive Integrated Overhead Systems GmbH (AIOS GmbH)<br \/>Comotorstrasse 12<br \/>66802 \u00dcberherrn<\/p><p>Commercial register: HRB 13611<br \/>Register court: Saarbru\u0308cken<\/p><p><strong>Represented by:<\/strong><br \/>Ralf Damker<\/p><h3>Contact<\/h3><p>Phone: +49 (0)68364700<br \/>E-Mail: info@aios-group.de<\/p><h3>VAT ID<\/h3><p>VAT identification number according to \u00a7 27 a sales tax law:<br \/>DE 812 737 315<\/p><h3>Professional title and professional regulations<\/h3><p>Competent chamber:<br \/>IHK Saarland<br \/>Franz-Josef-R\u00f6der-Stra\u00dfe 9<br \/>66119 Saarbr\u00fccken<\/p><p>Awarded in: <br \/>Germany<\/p><h3>Consumer dispute resolution\/universal arbitration board<\/h3><p>We are not willing or obliged to participate in dispute resolution proceedings before a consumer arbitration board.<\/p><p>Source: <a href=\"https:\/\/www.e-recht24.de\/impressum-generator.html\">https:\/\/www.e-recht24.de\/impressum-generator.html<\/a><\/p>\t\t\t\t\t\t\t\t<\/div>\n\t\t\t\t<\/div>\n\t\t\t\t\t<\/div>\n\t\t\t\t<\/div>\n\t\t\t\t<\/div>\n\t\t","protected":false},"excerpt":{"rendered":"<p>Legal information Imprint Automotive Integrated Overhead Systems GmbH (AIOS GmbH)Comotorstrasse 1266802 \u00dcberherrn Commercial register: HRB 13611Register court: Saarbru\u0308cken Represented by:Ralf Damker Contact Phone: +49 (0)68364700E-Mail: info@aios-group.de VAT ID VAT identification number according to \u00a7 27 a sales tax law:DE 812 737 315 Professional title and professional regulations Competent chamber:IHK SaarlandFranz-Josef-R\u00f6der-Stra\u00dfe 966119 Saarbr\u00fccken Awarded in: Germany [&hellip;]<\/p>\n","protected":false},"author":1,"featured_media":0,"parent":0,"menu_order":0,"comment_status":"closed","ping_status":"closed","template":"elementor_header_footer","meta":{"inline_featured_image":false,"footnotes":""},"class_list":["post-6678","page","type-page","status-publish","hentry"],"_links":{"self":[{"href":"https:\/\/www.aios-group.de\/en\/wp-json\/wp\/v2\/pages\/6678","targetHints":{"allow":["GET"]}}],"collection":[{"href":"https:\/\/www.aios-group.de\/en\/wp-json\/wp\/v2\/pages"}],"about":[{"href":"https:\/\/www.aios-group.de\/en\/wp-json\/wp\/v2\/types\/page"}],"author":[{"embeddable":true,"href":"https:\/\/www.aios-group.de\/en\/wp-json\/wp\/v2\/users\/1"}],"replies":[{"embeddable":true,"href":"https:\/\/www.aios-group.de\/en\/wp-json\/wp\/v2\/comments?post=6678"}],"version-history":[{"count":12,"href":"https:\/\/www.aios-group.de\/en\/wp-json\/wp\/v2\/pages\/6678\/revisions"}],"predecessor-version":[{"id":6690,"href":"https:\/\/www.aios-group.de\/en\/wp-json\/wp\/v2\/pages\/6678\/revisions\/6690"}],"wp:attachment":[{"href":"https:\/\/www.aios-group.de\/en\/wp-json\/wp\/v2\/media?parent=6678"}],"curies":[{"name":"wp","href":"https:\/\/api.w.org\/{rel}","templated":true}]}}